{"id":29,"date":"2026-01-17T22:22:46","date_gmt":"2026-01-17T22:22:46","guid":{"rendered":"https:\/\/mediumslateblue-dunlin-912265.hostingersite.com\/home\/"},"modified":"2026-02-25T14:51:30","modified_gmt":"2026-02-25T14:51:30","slug":"home","status":"publish","type":"page","link":"https:\/\/romance-vacances.fr\/en\/","title":{"rendered":"Home"},"content":{"rendered":"<div data-elementor-type=\"wp-page\" data-elementor-id=\"29\" class=\"elementor elementor-29\">\n\t\t\t\t<div class=\"elementor-element elementor-element-feface7 e-flex e-con-boxed e-con e-parent\" data-id=\"feface7\" data-element_type=\"container\" data-e-type=\"container\">\n\t\t\t\t\t<div class=\"e-con-inner\">\n\t\t\t\t<div class=\"elementor-element elementor-element-f0c12e9 elementor-widget elementor-widget-shortcode\" data-id=\"f0c12e9\" data-element_type=\"widget\" data-e-type=\"widget\" data-widget_type=\"shortcode.default\">\n\t\t\t\t\t\t\t<div class=\"elementor-shortcode\"><div id=\"metaslider-id-136\" style=\"width: 100%;\" class=\"ml-slider-3-108-0 metaslider metaslider-flex metaslider-136 ml-slider has-dots-nav has-carousel-mode ms-theme-default-base\" role=\"region\" aria-label=\"Nouveau diaporama\" data-height=\"500\" data-width=\"700\">\n    <div id=\"metaslider_container_136\">\n        <div id=\"metaslider_136\">\n            <ul aria-live='off' class='slides'>\n                <li style=\"display: none; width: 100%;\" class=\"slide-137 ms-image\" aria-roledescription=\"slide\" data-date=\"2026-02-20 09:43:44\" data-filename=\"Cuisine-vue-de-la-tele-scaled-700x500.jpg\" data-slide-type=\"image\"><img fetchpriority=\"high\" decoding=\"async\" src=\"https:\/\/romance-vacances.fr\/wp-content\/uploads\/2026\/01\/Cuisine-vue-de-la-tele-scaled-700x500.jpg\" height=\"500\" width=\"700\" alt=\"Photo de la cuisine et de l&#039;entr\u00e9e. a droite le canap\u00e9 noir ou une personne peu dormir\" class=\"slider-136 slide-137 msDefaultImage\" title=\"Cuisine vue de la t\u00e9l\u00e9\" \/><\/li>\n                <li style=\"display: none; width: 100%;\" class=\"slide-138 ms-image\" aria-roledescription=\"slide\" data-date=\"2026-02-20 09:43:44\" data-filename=\"Phare-du-Grau-du-roi-depuis-rive-gauche-675x482.webp\" data-slide-type=\"image\"><img decoding=\"async\" src=\"https:\/\/romance-vacances.fr\/wp-content\/uploads\/2026\/02\/Phare-du-Grau-du-roi-depuis-rive-gauche-675x482.webp\" height=\"500\" width=\"700\" alt=\"\" class=\"slider-136 slide-138 msDefaultImage\" title=\"Phare du Grau du roi depuis rive gauche\" \/><\/li>\n                <li style=\"display: none; width: 100%;\" class=\"slide-139 ms-image\" aria-roledescription=\"slide\" data-date=\"2026-02-20 09:43:44\" data-filename=\"Phare-du-Grau-du-roi-depuis-rive-gauche-2-675x482.webp\" data-slide-type=\"image\"><img decoding=\"async\" src=\"https:\/\/romance-vacances.fr\/wp-content\/uploads\/2026\/02\/Phare-du-Grau-du-roi-depuis-rive-gauche-2-675x482.webp\" height=\"500\" width=\"700\" alt=\"\" class=\"slider-136 slide-139 msDefaultImage\" title=\"Phare du Grau du roi depuis rive gauche 2\" \/><\/li>\n                <li style=\"display: none; width: 100%;\" class=\"slide-140 ms-image\" aria-roledescription=\"slide\" data-date=\"2026-02-20 09:43:44\" data-filename=\"Vue-sur-Phare-du-grau-du-roi-de-la-rive-gauche-3-675x482.webp\" data-slide-type=\"image\"><img loading=\"lazy\" decoding=\"async\" src=\"https:\/\/romance-vacances.fr\/wp-content\/uploads\/2026\/01\/Vue-sur-Phare-du-grau-du-roi-de-la-rive-gauche-3-675x482.webp\" height=\"500\" width=\"700\" alt=\"Vue sur phare du Grau du Roi de la rive gauche.\" class=\"slider-136 slide-140 msDefaultImage\" title=\"Vue sur Phare du grau du roi de la rive gauche\" \/><\/li>\n                <li style=\"display: none; width: 100%;\" class=\"slide-141 ms-image\" aria-roledescription=\"slide\" data-date=\"2026-02-20 09:43:44\" data-filename=\"Lever-de-soeil-sur-le-Grau-du-Roi-Yumi-675x482.webp\" data-slide-type=\"image\"><img loading=\"lazy\" decoding=\"async\" src=\"https:\/\/romance-vacances.fr\/wp-content\/uploads\/2026\/02\/Lever-de-soeil-sur-le-Grau-du-Roi-Yumi-675x482.webp\" height=\"500\" width=\"700\" alt=\"\" class=\"slider-136 slide-141 msDefaultImage\" title=\"Lever de soeil sur le Grau du Roi Yumi\" \/><\/li>\n                <li style=\"display: none; width: 100%;\" class=\"slide-142 ms-image\" aria-roledescription=\"slide\" data-date=\"2026-02-20 09:43:44\" data-filename=\"Lever-de-soleil-sur-le-Grau-du-roi-bonne-annee-2026-675x482.webp\" data-slide-type=\"image\"><img loading=\"lazy\" decoding=\"async\" src=\"https:\/\/romance-vacances.fr\/wp-content\/uploads\/2026\/02\/Lever-de-soleil-sur-le-Grau-du-roi-bonne-annee-2026-675x482.webp\" height=\"500\" width=\"700\" alt=\"\" class=\"slider-136 slide-142 msDefaultImage\" title=\"Lever de soleil sur le Grau du roi bonne ann\u00e9e 2026\" \/><\/li>\n            <\/ul>\n        <\/div>\n        \n    <\/div>\n<\/div><\/div>\n\t\t\t\t\t\t<\/div>\n\t\t\t\t\t<\/div>\n\t\t\t\t<\/div>\n\t\t<div class=\"elementor-element elementor-element-69a74d3 e-flex e-con-boxed e-con e-parent\" data-id=\"69a74d3\" data-element_type=\"container\" data-e-type=\"container\">\n\t\t\t\t\t<div class=\"e-con-inner\">\n\t\t\t\t<div class=\"elementor-element elementor-element-9115f6a elementor-widget elementor-widget-heading\" data-id=\"9115f6a\" data-element_type=\"widget\" data-e-type=\"widget\" data-widget_type=\"heading.default\">\n\t\t\t\t\t<h2 class=\"elementor-heading-title elementor-size-default\">Entre mer et soleil, bienvenue chez vous.\nPlongez dans une parenth\u00e8se marine dans un cadre \u00e0 la fois calme, s\u00e9curis\u00e9 et id\u00e9alement situ\u00e9. Au 1er \u00e9tage de la r\u00e9sidence \u00abRomance\u00bb, cet appartement de 35 m\u00b2 vous accueille avec simplicit\u00e9 et \u00e9l\u00e9gance, \u00e0 seulement quelques pas de la plage et du c\u0153ur de vie du Grau-du-Roi.<\/h2>\t\t\t\t<\/div>\n\t\t\t\t\t<\/div>\n\t\t\t\t<\/div>\n\t\t<div class=\"elementor-element elementor-element-d4fdd7e e-flex e-con-boxed e-con e-parent\" data-id=\"d4fdd7e\" data-element_type=\"container\" data-e-type=\"container\" data-settings=\"{&quot;background_background&quot;:&quot;classic&quot;}\">\n\t\t\t\t\t<div class=\"e-con-inner\">\n\t\t\t\t<div class=\"elementor-element elementor-element-34516db hostinger-ai-title elementor-widget elementor-widget-heading\" data-id=\"34516db\" data-element_type=\"widget\" data-e-type=\"widget\" data-widget_type=\"heading.default\">\n\t\t\t\t\t<h2 class=\"elementor-heading-title elementor-size-default\">What awaits you<\/h2>\t\t\t\t<\/div>\n\t\t<div class=\"elementor-element elementor-element-a8a0e30 e-con-full e-flex e-con e-child\" data-id=\"a8a0e30\" data-element_type=\"container\" data-e-type=\"container\">\n\t\t<div class=\"elementor-element elementor-element-ef07334 e-grid e-con-full e-con e-child\" data-id=\"ef07334\" data-element_type=\"container\" data-e-type=\"container\">\n\t\t<div class=\"elementor-element elementor-element-dfe1581 e-con-full e-flex e-con e-child\" data-id=\"dfe1581\" data-element_type=\"container\" data-e-type=\"container\">\n\t\t\t\t<div class=\"elementor-element elementor-element-4c1eef3 hostinger-ai-service-image elementor-widget elementor-widget-image\" data-id=\"4c1eef3\" data-element_type=\"widget\" data-e-type=\"widget\" data-widget_type=\"image.default\">\n\t\t\t\t\t\t\t\t\t\t\t\t\t\t\t<img loading=\"lazy\" decoding=\"async\" width=\"675\" height=\"900\" src=\"https:\/\/romance-vacances.fr\/wp-content\/uploads\/2026\/01\/Coucher-de-soleil-1.webp\" class=\"attachment-large size-large wp-image-37\" alt=\"Lever de soleil\" srcset=\"https:\/\/romance-vacances.fr\/wp-content\/uploads\/2026\/01\/Coucher-de-soleil-1.webp 675w, https:\/\/romance-vacances.fr\/wp-content\/uploads\/2026\/01\/Coucher-de-soleil-1-225x300.webp 225w\" sizes=\"(max-width: 675px) 100vw, 675px\" \/>\t\t\t\t\t\t\t\t\t\t\t\t\t\t\t<\/div>\n\t\t\t\t<div class=\"elementor-element elementor-element-cefe350 hostinger-ai-service-description elementor-widget elementor-widget-text-editor\" data-id=\"cefe350\" data-element_type=\"widget\" data-e-type=\"widget\" data-widget_type=\"text-editor.default\">\n\t\t\t\t\t\t\t\t\t<p>\u00c0 seulement quelques m\u00e8tres de la r\u00e9sidence, les plages du Grau\u2011du\u2011Roi offrent chaque soir des <strong>couchers de soleil<\/strong> spectaculaires, o\u00f9 le ciel se teinte d\u2019or, de rose et d\u2019orange dans une atmosph\u00e8re paisible.<\/p>\t\t\t\t\t\t\t\t<\/div>\n\t\t\t\t<\/div>\n\t\t<div class=\"elementor-element elementor-element-30020de e-con-full e-flex e-con e-child\" data-id=\"30020de\" data-element_type=\"container\" data-e-type=\"container\">\n\t\t\t\t<div class=\"elementor-element elementor-element-88c0601 hostinger-ai-service-image hostinger-index-1 elementor-widget elementor-widget-image\" data-id=\"88c0601\" data-element_type=\"widget\" data-e-type=\"widget\" data-widget_type=\"image.default\">\n\t\t\t\t\t\t\t\t\t\t\t\t\t\t\t<img loading=\"lazy\" decoding=\"async\" width=\"1024\" height=\"768\" src=\"https:\/\/romance-vacances.fr\/wp-content\/uploads\/2026\/01\/Cuisine-vue-de-la-tele-1024x768.jpg\" class=\"attachment-large size-large wp-image-67\" alt=\"Photo de la cuisine et de l&#039;entr\u00e9e. a droite le canap\u00e9 noir ou une personne peu dormir\" srcset=\"https:\/\/romance-vacances.fr\/wp-content\/uploads\/2026\/01\/Cuisine-vue-de-la-tele-1024x768.jpg 1024w, https:\/\/romance-vacances.fr\/wp-content\/uploads\/2026\/01\/Cuisine-vue-de-la-tele-300x225.jpg 300w, https:\/\/romance-vacances.fr\/wp-content\/uploads\/2026\/01\/Cuisine-vue-de-la-tele-768x576.jpg 768w, https:\/\/romance-vacances.fr\/wp-content\/uploads\/2026\/01\/Cuisine-vue-de-la-tele-1536x1152.jpg 1536w, https:\/\/romance-vacances.fr\/wp-content\/uploads\/2026\/01\/Cuisine-vue-de-la-tele-2048x1536.jpg 2048w\" sizes=\"(max-width: 1024px) 100vw, 1024px\" \/>\t\t\t\t\t\t\t\t\t\t\t\t\t\t\t<\/div>\n\t\t\t\t<div class=\"elementor-element elementor-element-49406fe hostinger-ai-service-description hostinger-index-1 elementor-widget elementor-widget-text-editor\" data-id=\"49406fe\" data-element_type=\"widget\" data-e-type=\"widget\" data-widget_type=\"text-editor.default\">\n\t\t\t\t\t\t\t\t\t<ul><li class=\"whitespace-normal break-words pl-2\">Tout<strong> confort: <\/strong>Cuisine \u00e9quip\u00e9e, wifi, climatisation, t\u00e9l\u00e9vision, lave vaisselle &#8230;<\/li><li class=\"whitespace-normal break-words pl-2\"><strong>Id\u00e9al : <\/strong>Chambre, salle de bain, parking priv\u00e9, 1 acc\u00e8s pi\u00e9ton directe sur la plage.<\/li><\/ul>\t\t\t\t\t\t\t\t<\/div>\n\t\t\t\t<\/div>\n\t\t<div class=\"elementor-element elementor-element-dabc39e e-con-full e-flex e-con e-child\" data-id=\"dabc39e\" data-element_type=\"container\" data-e-type=\"container\">\n\t\t\t\t<div class=\"elementor-element elementor-element-e2d2024 hostinger-ai-service-image hostinger-index-2 elementor-widget elementor-widget-image\" data-id=\"e2d2024\" data-element_type=\"widget\" data-e-type=\"widget\" data-widget_type=\"image.default\">\n\t\t\t\t\t\t\t\t\t\t\t\t\t\t\t<img decoding=\"async\" src=\"https:\/\/romance-vacances.fr\/wp-content\/uploads\/2026\/02\/d15d8d43-26e2-44e5-9e24-c32e62dfbabe.jpg\" title=\"d15d8d43-26e2-44e5-9e24-c32e62dfbabe\" alt=\"Photo de la chambre. Grand lit 160 x 2 m\u00e8tres. \u00e9clairage tamis\u00e9\" loading=\"lazy\" \/>\t\t\t\t\t\t\t\t\t\t\t\t\t\t\t<\/div>\n\t\t\t\t<div class=\"elementor-element elementor-element-f9fc8b8 hostinger-ai-service-description hostinger-index-1 elementor-widget elementor-widget-text-editor\" data-id=\"f9fc8b8\" data-element_type=\"widget\" data-e-type=\"widget\" data-widget_type=\"text-editor.default\">\n\t\t\t\t\t\t\t\t\t<ul><li>Chambre \u00e9quip\u00e9 d&rsquo;un lit 160 x 200, linge de toilette. Possibilit\u00e9 de mise \u00e0 disposition d&rsquo;un lit b\u00e9b\u00e9 sur demande.<\/li><li>une salle d\u2019eau avec douche et un WC s\u00e9par\u00e9.<\/li><\/ul>\t\t\t\t\t\t\t\t<\/div>\n\t\t\t\t<\/div>\n\t\t\t\t<\/div>\n\t\t\t\t<\/div>\n\t\t\t\t\t<\/div>\n\t\t\t\t<\/div>\n\t\t\t\t<\/div>","protected":false},"excerpt":{"rendered":"<p>Entre mer et soleil, bienvenue chez vous. Plongez dans une parenth\u00e8se marine dans un cadre \u00e0 la fois calme, s\u00e9curis\u00e9 [&hellip;]<\/p>\n","protected":false},"author":1,"featured_media":0,"parent":0,"menu_order":0,"comment_status":"closed","ping_status":"closed","template":"","meta":{"site-sidebar-layout":"default","site-content-layout":"","ast-site-content-layout":"default","site-content-style":"default","site-sidebar-style":"default","ast-global-header-display":"","ast-banner-title-visibility":"","ast-main-header-display":"","ast-hfb-above-header-display":"","ast-hfb-below-header-display":"","ast-hfb-mobile-header-display":"","site-post-title":"disabled","ast-breadcrumbs-content":"","ast-featured-img":"","footer-sml-layout":"","ast-disable-related-posts":"","theme-transparent-header-meta":"","adv-header-id-meta":"","stick-header-meta":"","header-above-stick-meta":"","header-main-stick-meta":"","header-below-stick-meta":"","astra-migrate-meta-layouts":"default","ast-page-background-enabled":"default","ast-page-background-meta":{"desktop":{"background-color":"var(--ast-global-color-5)","background-image":"","background-repeat":"repeat","background-position":"center center","background-size":"auto","background-attachment":"scroll","background-type":"","background-media":"","overlay-type":"","overlay-color":"","overlay-opacity":"","overlay-gradient":""},"tablet":{"background-color":"","background-image":"","background-repeat":"repeat","background-position":"center center","background-size":"auto","background-attachment":"scroll","background-type":"","background-media":"","overlay-type":"","overlay-color":"","overlay-opacity":"","overlay-gradient":""},"mobile":{"background-color":"","background-image":"","background-repeat":"repeat","background-position":"center center","background-size":"auto","background-attachment":"scroll","background-type":"","background-media":"","overlay-type":"","overlay-color":"","overlay-opacity":"","overlay-gradient":""}},"ast-content-background-meta":{"desktop":{"background-color":"var(--ast-global-color-4)","background-image":"","background-repeat":"repeat","background-position":"center center","background-size":"auto","background-attachment":"scroll","background-type":"","background-media":"","overlay-type":"","overlay-color":"","overlay-opacity":"","overlay-gradient":""},"tablet":{"background-color":"var(--ast-global-color-4)","background-image":"","background-repeat":"repeat","background-position":"center center","background-size":"auto","background-attachment":"scroll","background-type":"","background-media":"","overlay-type":"","overlay-color":"","overlay-opacity":"","overlay-gradient":""},"mobile":{"background-color":"var(--ast-global-color-4)","background-image":"","background-repeat":"repeat","background-position":"center center","background-size":"auto","background-attachment":"scroll","background-type":"","background-media":"","overlay-type":"","overlay-color":"","overlay-opacity":"","overlay-gradient":""}},"footnotes":""},"class_list":["post-29","page","type-page","status-publish","hentry"],"_links":{"self":[{"href":"https:\/\/romance-vacances.fr\/en\/wp-json\/wp\/v2\/pages\/29","targetHints":{"allow":["GET"]}}],"collection":[{"href":"https:\/\/romance-vacances.fr\/en\/wp-json\/wp\/v2\/pages"}],"about":[{"href":"https:\/\/romance-vacances.fr\/en\/wp-json\/wp\/v2\/types\/page"}],"author":[{"embeddable":true,"href":"https:\/\/romance-vacances.fr\/en\/wp-json\/wp\/v2\/users\/1"}],"replies":[{"embeddable":true,"href":"https:\/\/romance-vacances.fr\/en\/wp-json\/wp\/v2\/comments?post=29"}],"version-history":[{"count":64,"href":"https:\/\/romance-vacances.fr\/en\/wp-json\/wp\/v2\/pages\/29\/revisions"}],"predecessor-version":[{"id":301,"href":"https:\/\/romance-vacances.fr\/en\/wp-json\/wp\/v2\/pages\/29\/revisions\/301"}],"wp:attachment":[{"href":"https:\/\/romance-vacances.fr\/en\/wp-json\/wp\/v2\/media?parent=29"}],"curies":[{"name":"wp","href":"https:\/\/api.w.org\/{rel}","templated":true}]}}